{"id":420,"date":"2025-01-03T14:23:29","date_gmt":"2025-01-03T13:23:29","guid":{"rendered":"https:\/\/nowakamienica11.pl\/?page_id=420"},"modified":"2025-01-04T14:57:28","modified_gmt":"2025-01-04T13:57:28","slug":"rezerwacja","status":"publish","type":"page","link":"https:\/\/nowakamienica11.pl\/index.php\/rezerwacja\/","title":{"rendered":"Rezerwacja"},"content":{"rendered":"\n<p>Rezerwacji pobytu w naszym domu mo\u017cna dokona\u0107 wybieraj\u0105c przycisk \u201eREZERWACJA ONLINE&#8221; na g\u00f3rze strony lub klikn\u0105\u0107 <a href=\"https:\/\/booking.nfhotel.pl\/new\/app-modal.html#\/?id=573&amp;slug=641-109&amp;Itemid=231\" target=\"_blank\" rel=\"noreferrer noopener\">tutaj<\/a>. Nale\u017cy wybra\u0107 liczb\u0119 os\u00f3b i termin. Ten spos\u00f3b sprawdzi si\u0119, je\u015bli chcecie wybra\u0107 pobyt w jednym pokoju.<\/p>\n\n\n\n<p>System nie wspiera rezerwacji grupowych. W przypadku ch\u0119ci zarezerwowania np. dw\u00f3ch pokoi nale\u017cy dokona\u0107 dw\u00f3ch osobnych rezerwacji. Wygodniej jest zatem po prostu zadzwoni\u0107 do nas lub napisa\u0107 e-maila.<\/p>\n\n\n\n<p>Ch\u0119tnie przyjmujemy rezerwacj\u0119 ca\u0142ej cz\u0119\u015bci go\u015bcinnej naszego domu na wy\u0142\u0105czno\u015b\u0107 dla grup rodzinnych, przyjaci\u00f3\u0142. Jeste\u015bmy w stanie przenocowa\u0107 pod naszym dachem w pi\u0119ciu pokojach maksymalnie 13 os\u00f3b &#8211; tyle mamy miejsc noclegowych. Mamy te\u017c \u0142\u00f3\u017ceczko turystyczne dla ma\u0142ego dziecka i dodatkowe \u0142\u00f3\u017cko polowe, kt\u00f3re mo\u017cemy wstawi\u0107 jako dostawk\u0119 do jednego z pokoi. Cena za wynaj\u0119cie domu na wy\u0142\u0105czno\u015b\u0107 zale\u017cy od liczby os\u00f3b i d\u0142ugo\u015bci pobytu.<\/p>\n\n\n\n<p>Pobyt ze zwierz\u0119tami nale\u017cy uzgodni\u0107 przed przyjazdem.<\/p>\n\n\n\n<p><\/p>\n","protected":false},"excerpt":{"rendered":"<p>Rezerwacji pobytu w naszym domu mo\u017cna dokona\u0107 wybieraj\u0105c przycisk \u201eREZERWACJA ONLINE&#8221; na g\u00f3rze strony lub klikn\u0105\u0107 tutaj. Nale\u017cy wybra\u0107 liczb\u0119 os\u00f3b i termin. Ten spos\u00f3b sprawdzi si\u0119, je\u015bli chcecie wybra\u0107 pobyt w jednym pokoju. System nie wspiera rezerwacji grupowych. W przypadku ch\u0119ci zarezerwowania np. dw\u00f3ch pokoi nale\u017cy dokona\u0107 dw\u00f3ch osobnych rezerwacji. Wygodniej jest zatem po [&hellip;]<\/p>\n","protected":false},"author":1,"featured_media":0,"parent":0,"menu_order":0,"comment_status":"closed","ping_status":"closed","template":"","meta":{"footnotes":""},"class_list":["post-420","page","type-page","status-publish","hentry"],"_links":{"self":[{"href":"https:\/\/nowakamienica11.pl\/index.php\/wp-json\/wp\/v2\/pages\/420","targetHints":{"allow":["GET"]}}],"collection":[{"href":"https:\/\/nowakamienica11.pl\/index.php\/wp-json\/wp\/v2\/pages"}],"about":[{"href":"https:\/\/nowakamienica11.pl\/index.php\/wp-json\/wp\/v2\/types\/page"}],"author":[{"embeddable":true,"href":"https:\/\/nowakamienica11.pl\/index.php\/wp-json\/wp\/v2\/users\/1"}],"replies":[{"embeddable":true,"href":"https:\/\/nowakamienica11.pl\/index.php\/wp-json\/wp\/v2\/comments?post=420"}],"version-history":[{"count":8,"href":"https:\/\/nowakamienica11.pl\/index.php\/wp-json\/wp\/v2\/pages\/420\/revisions"}],"predecessor-version":[{"id":575,"href":"https:\/\/nowakamienica11.pl\/index.php\/wp-json\/wp\/v2\/pages\/420\/revisions\/575"}],"wp:attachment":[{"href":"https:\/\/nowakamienica11.pl\/index.php\/wp-json\/wp\/v2\/media?parent=420"}],"curies":[{"name":"wp","href":"https:\/\/api.w.org\/{rel}","templated":true}]}}