{"id":396,"date":"2025-01-03T11:37:51","date_gmt":"2025-01-03T10:37:51","guid":{"rendered":"http:\/\/zbonik.home.pl\/autoinstalator\/wordpressplugins2\/?page_id=396"},"modified":"2025-01-14T09:11:15","modified_gmt":"2025-01-14T08:11:15","slug":"pogoda","status":"publish","type":"page","link":"https:\/\/nowakamienica11.pl\/index.php\/pogoda\/","title":{"rendered":"Pogoda"},"content":{"rendered":"\n<div class=\"wp-block-group alignfull has-global-padding is-layout-constrained wp-container-core-group-is-layout-f9e43628 wp-block-group-is-layout-constrained\" style=\"margin-top:0;margin-bottom:0;padding-top:var(--wp--preset--spacing--50);padding-right:var(--wp--preset--spacing--50);padding-bottom:var(--wp--preset--spacing--50);padding-left:var(--wp--preset--spacing--50)\">\n<h2 class=\"wp-block-heading\">Stacja pogodowa<\/h2>\n\n\n\n<p>Aktualne wskazania naszej stacji pogodowej widoczne s\u0105 poni\u017cej. Niestety wiatromierz uleg\u0142 uszkodzeniu \u2013 dane o sile wiatru i temperaturze odczuwalnej s\u0105 niedost\u0119pne&#8230;<\/p>\n\n\n\n<p><iframe width=\"100%\" height=\"1200\" align=\"top\" frameborder=\"0\"src=\"https:\/\/app.weathercloud.net\/d1050681158#current\"><\/iframe><\/p>\n<\/div>\n","protected":false},"excerpt":{"rendered":"<p>Stacja pogodowa Aktualne wskazania naszej stacji pogodowej widoczne s\u0105 poni\u017cej. Niestety wiatromierz uleg\u0142 uszkodzeniu \u2013 dane o sile wiatru i temperaturze odczuwalnej s\u0105 niedost\u0119pne&#8230;<\/p>\n","protected":false},"author":1,"featured_media":0,"parent":0,"menu_order":0,"comment_status":"closed","ping_status":"closed","template":"","meta":{"footnotes":""},"class_list":["post-396","page","type-page","status-publish","hentry"],"_links":{"self":[{"href":"https:\/\/nowakamienica11.pl\/index.php\/wp-json\/wp\/v2\/pages\/396","targetHints":{"allow":["GET"]}}],"collection":[{"href":"https:\/\/nowakamienica11.pl\/index.php\/wp-json\/wp\/v2\/pages"}],"about":[{"href":"https:\/\/nowakamienica11.pl\/index.php\/wp-json\/wp\/v2\/types\/page"}],"author":[{"embeddable":true,"href":"https:\/\/nowakamienica11.pl\/index.php\/wp-json\/wp\/v2\/users\/1"}],"replies":[{"embeddable":true,"href":"https:\/\/nowakamienica11.pl\/index.php\/wp-json\/wp\/v2\/comments?post=396"}],"version-history":[{"count":4,"href":"https:\/\/nowakamienica11.pl\/index.php\/wp-json\/wp\/v2\/pages\/396\/revisions"}],"predecessor-version":[{"id":665,"href":"https:\/\/nowakamienica11.pl\/index.php\/wp-json\/wp\/v2\/pages\/396\/revisions\/665"}],"wp:attachment":[{"href":"https:\/\/nowakamienica11.pl\/index.php\/wp-json\/wp\/v2\/media?parent=396"}],"curies":[{"name":"wp","href":"https:\/\/api.w.org\/{rel}","templated":true}]}}