{"id":380,"date":"2025-01-03T10:32:37","date_gmt":"2025-01-03T09:32:37","guid":{"rendered":"http:\/\/zbonik.home.pl\/autoinstalator\/wordpressplugins2\/?page_id=380"},"modified":"2025-01-03T10:32:37","modified_gmt":"2025-01-03T09:32:37","slug":"regulamin","status":"publish","type":"page","link":"https:\/\/nowakamienica11.pl\/index.php\/regulamin\/","title":{"rendered":"Regulamin"},"content":{"rendered":"\n<div class=\"wp-block-group alignfull has-global-padding is-layout-constrained wp-container-core-group-is-layout-f9e43628 wp-block-group-is-layout-constrained\" style=\"margin-top:0;margin-bottom:0;padding-top:var(--wp--preset--spacing--50);padding-right:var(--wp--preset--spacing--50);padding-bottom:var(--wp--preset--spacing--50);padding-left:var(--wp--preset--spacing--50)\">\n<p>W trosce o dobrostan naszych Go\u015bci, zwierz\u0105t oraz nas samych prosimy o przestrzeganie zasad opisanych w poni\u017cszym regulaminie.\u00a0<br><strong>Dokonanie op\u0142aty za pobyt jest jednoznaczne z akceptacj\u0105 niniejszego regulaminu.<\/strong><\/p>\n\n\n\n<h2 class=\"wp-block-heading\"><strong>REGULAMIN<\/strong>&nbsp;<\/h2>\n\n\n\n<ol class=\"wp-block-list\">\n<li>Doba wynajmu naszych pokoi rozpoczyna si\u0119 o godzinie 15:00, ko\u0144czy o 11:00. Prosimy o przyjazd do godziny 21:00. Je\u017celi spodziewacie si\u0119 przyjecha\u0107 p\u00f3\u017aniej lub chcieliby\u015bcie opu\u015bci\u0107 pok\u00f3j po godzinie 11:00, dajcie nam zna\u0107 z wyprzedzeniem, postaramy si\u0119 dopasowa\u0107 do Waszych plan\u00f3w, o ile b\u0119dzie to mo\u017cliwe.<\/li>\n\n\n\n<li>Liczba os\u00f3b oraz d\u0142ugo\u015b\u0107 pobytu w naszym gospodarstwie potwierdzana jest po przyj\u0119ciu rezerwacji telefonicznie, mailowo lub za pomoc\u0105 sytemu rezerwacyjnego.<\/li>\n\n\n\n<li>Op\u0142ata za pobyt wnoszona jest w nast\u0119puj\u0105cy spos\u00f3b: bezzwrotny zadatek w wysoko\u015bci 30% w ci\u0105gu 3 dni od potwierdzenia rezerwacji, pozosta\u0142a kwota w dniu przyjazdu got\u00f3wk\u0105. Op\u0142ata za niewykorzystane noclegi nie podlega zwrotowi.\u00a0<\/li>\n\n\n\n<li>Rezerwacja dokonana w portalu booking.com podlega zasadom okre\u015blonym w portalu.<\/li>\n\n\n\n<li>\u00a0W naszym gospodarstwie obowi\u0105zuje cisza nocna w godzinach 22:00-7:00. Zastrzegamy sobie mo\u017cliwo\u015b\u0107 odst\u0119pstw w przypadku organizacji imprez okoliczno\u015bciowych.<\/li>\n\n\n\n<li>Zwierz\u0119ta Go\u015bci s\u0105 mile widziane w naszym gospodarstwie; dla zachowania komfortu naszych i Waszych zwierz\u0105t ich pobyt musi by\u0107 wcze\u015bniej uzgodniony.<\/li>\n\n\n\n<li>Po zwierzakach przebywaj\u0105cych w naszym gospodarstwie sprz\u0105taj\u0105 ich W\u0142a\u015bciciele. Niedopuszczalne jest pozostawianie zwierz\u0105t w pokojach bez nadzoru W\u0142a\u015bciciela.<\/li>\n\n\n\n<li>Nasi Go\u015bcie sami dbaj\u0105 o czysto\u015b\u0107 w pokojach, \u015brodki czysto\u015bci dost\u0119pne u gospodarzy. W przypadku pobyt\u00f3w d\u0142u\u017cszych ni\u017c 5 dni sprz\u0105tanie pokoju ustalane jest indywidualnie.<\/li>\n\n\n\n<li>W naszym domu segregujemy \u015bmieci i o to samo prosimy Go\u015bci \u2013 pojemniki na odpady segregowane znajduj\u0105 si\u0119 w aneksie kuchennym oraz przy budynku gospodarczym.<\/li>\n\n\n\n<li>Na terenie domu i gospodarstwa mog\u0105 przebywa\u0107 osoby b\u0119d\u0105ce naszymi Go\u015b\u0107mi. Ewentualne wizyty innych os\u00f3b musz\u0105 by\u0107 wcze\u015bniej ustalone z gospodarzami.<\/li>\n\n\n\n<li>Go\u015bciom zapewniamy bezp\u0142atne miejsca parkingowe oraz zamykane na noc pomieszczenie na rowery lub narty. Nie ponosimy jednak odpowiedzialno\u015bci za pozostawione na parkingu pojazdy oraz sprz\u0119t sportowy.<\/li>\n\n\n\n<li>Go\u015bcie ponosz\u0105 odpowiedzialno\u015b\u0107 (w tym materialn\u0105) za szkody i zniszczenia spowodowane przez nich lub znajduj\u0105ce si\u0119 pod ich opiek\u0105 dzieci i zwierz\u0119ta.<\/li>\n\n\n\n<li>W przypadki zagubienia przez Go\u015bci kluczy do pokoju zmuszeni jeste\u015bmy pobra\u0107 op\u0142at\u0119 w wysoko\u015bci 100 z\u0142.<\/li>\n\n\n\n<li>Go\u015bcie zobowi\u0105zani s\u0105 do przestrzegania zasad bezpiecze\u0144stwa i p.po\u017c. w naszym domu i ogrodzie oraz nie u\u017cywania w pokojach urz\u0105dze\u0144 elektrycznych i gazowych nie b\u0119d\u0105cych na wyposa\u017ceniu. Rozpalenie grilla i ogniska mo\u017cliwe jest wy\u0142\u0105cznie po uzgodnieniu z w\u0142a\u015bcicielami we wskazanym przez nich miejscu.<\/li>\n\n\n\n<li>W ca\u0142ym domu obowi\u0105zuje bezwzgl\u0119dny zakaz palenia tytoniu oraz papieros\u00f3w elektronicznych.<\/li>\n\n\n\n<li>Osobom b\u0119d\u0105cym pod wp\u0142ywem alkoholu lub \u015brodk\u00f3w odurzaj\u0105cych, zachowuj\u0105cym si\u0119 agresywnie lub niezgodnie z zapisami w regulaminie gospodarze maj\u0105 prawo wym\u00f3wi\u0107 pok\u00f3j i nakaza\u0107 natychmiastowe opuszczenie gospodarstwa bez zwrotu dokonanych wcze\u015bniej op\u0142at.<\/li>\n\n\n\n<li>Naszym Go\u015bciom oferujemy \u015bniadania, po wcze\u015bniejszym zam\u00f3wieniu (najp\u00f3\u017aniej do godziny 14:00 dnia poprzedniego).<\/li>\n\n\n\n<li>Zrywanie warzyw i owoc\u00f3w po wcze\u015bniejszym ustaleniu z gospodarzami.<\/li>\n\n\n\n<li>Kontakt ze zwierz\u0119tami mieszkaj\u0105cymi w naszym gospodarstwie mo\u017cliwy jest wy\u0142\u0105cznie po uzgodnieniu. Prosimy o nie karmienie naszych zwierz\u0105t.<\/li>\n<\/ol>\n\n\n\n<p><\/p>\n<\/div>\n","protected":false},"excerpt":{"rendered":"<p>W trosce o dobrostan naszych Go\u015bci, zwierz\u0105t oraz nas samych prosimy o przestrzeganie zasad opisanych w poni\u017cszym regulaminie.\u00a0Dokonanie op\u0142aty za pobyt jest jednoznaczne z akceptacj\u0105 niniejszego regulaminu. REGULAMIN&nbsp;<\/p>\n","protected":false},"author":1,"featured_media":0,"parent":0,"menu_order":0,"comment_status":"closed","ping_status":"closed","template":"","meta":{"footnotes":""},"class_list":["post-380","page","type-page","status-publish","hentry"],"_links":{"self":[{"href":"https:\/\/nowakamienica11.pl\/index.php\/wp-json\/wp\/v2\/pages\/380","targetHints":{"allow":["GET"]}}],"collection":[{"href":"https:\/\/nowakamienica11.pl\/index.php\/wp-json\/wp\/v2\/pages"}],"about":[{"href":"https:\/\/nowakamienica11.pl\/index.php\/wp-json\/wp\/v2\/types\/page"}],"author":[{"embeddable":true,"href":"https:\/\/nowakamienica11.pl\/index.php\/wp-json\/wp\/v2\/users\/1"}],"replies":[{"embeddable":true,"href":"https:\/\/nowakamienica11.pl\/index.php\/wp-json\/wp\/v2\/comments?post=380"}],"version-history":[{"count":1,"href":"https:\/\/nowakamienica11.pl\/index.php\/wp-json\/wp\/v2\/pages\/380\/revisions"}],"predecessor-version":[{"id":382,"href":"https:\/\/nowakamienica11.pl\/index.php\/wp-json\/wp\/v2\/pages\/380\/revisions\/382"}],"wp:attachment":[{"href":"https:\/\/nowakamienica11.pl\/index.php\/wp-json\/wp\/v2\/media?parent=380"}],"curies":[{"name":"wp","href":"https:\/\/api.w.org\/{rel}","templated":true}]}}